{"id":418,"date":"2018-11-13T16:45:12","date_gmt":"2018-11-13T15:45:12","guid":{"rendered":"https:\/\/se-it.yummygroup.org\/?page_id=418"},"modified":"2020-01-01T23:05:41","modified_gmt":"2020-01-01T22:05:41","slug":"einzelschulung","status":"publish","type":"page","link":"https:\/\/smartphonexpress.de\/index.php\/smartphone-schulung-traunreut\/einzelschulung\/","title":{"rendered":"Einzelschulung"},"content":{"rendered":"\t\t<div data-elementor-type=\"wp-post\" data-elementor-id=\"418\" class=\"elementor elementor-418\" data-elementor-post-type=\"page\">\n\t\t\t\t\t\t<section class=\"elementor-section elementor-top-section elementor-element elementor-element-0455edb elementor-section-boxed elementor-section-height-default elementor-section-height-default exad-glass-effect-no exad-sticky-section-no\" data-id=\"0455edb\" data-element_type=\"section\" data-e-type=\"section\">\n\t\t\t\t\t\t<div class=\"elementor-container elementor-column-gap-default\">\n\t\t\t\t\t<div class=\"elementor-column elementor-col-100 elementor-top-column elementor-element elementor-element-db483d7 exad-glass-effect-no exad-sticky-section-no\" data-id=\"db483d7\" data-element_type=\"column\" data-e-type=\"column\">\n\t\t\t<div class=\"elementor-widget-wrap elementor-element-populated\">\n\t\t\t\t\t\t<div class=\"elementor-element elementor-element-718a3f0 exad-sticky-section-no exad-glass-effect-no elementor-widget elementor-widget-text-editor\" data-id=\"718a3f0\" data-element_type=\"widget\" data-e-type=\"widget\" data-widget_type=\"text-editor.default\">\n\t\t\t\t<div class=\"elementor-widget-container\">\n\t\t\t\t\t\t\t\t\t<h1 class=\"elementor-heading-title elementor-size-default\" style=\"margin-bottom: 0px; font-variant-caps: normal; line-height: 1; font-family: 'Open Sans', sans-serif; font-style: normal;\"><span style=\"font-variant-caps: normal; font-family: Roboto, sans-serif; font-size: 25px; font-style: normal; font-weight: 600; caret-color: #2d90ce; color: #2d90ce; text-align: center;\">Einzelschulung<\/span><\/h1>\t\t\t\t\t\t\t\t<\/div>\n\t\t\t\t<\/div>\n\t\t\t\t\t<\/div>\n\t\t<\/div>\n\t\t\t\t\t<\/div>\n\t\t<\/section>\n\t\t\t\t<section class=\"elementor-section elementor-top-section elementor-element elementor-element-3097a8b elementor-section-boxed elementor-section-height-default elementor-section-height-default exad-glass-effect-no exad-sticky-section-no\" data-id=\"3097a8b\" data-element_type=\"section\" data-e-type=\"section\">\n\t\t\t\t\t\t<div class=\"elementor-container elementor-column-gap-default\">\n\t\t\t\t\t<div class=\"elementor-column elementor-col-100 elementor-top-column elementor-element elementor-element-fa8e09c exad-glass-effect-no exad-sticky-section-no\" data-id=\"fa8e09c\" data-element_type=\"column\" data-e-type=\"column\">\n\t\t\t<div class=\"elementor-widget-wrap elementor-element-populated\">\n\t\t\t\t\t\t\t<\/div>\n\t\t<\/div>\n\t\t\t\t\t<\/div>\n\t\t<\/section>\n\t\t\t\t<section class=\"elementor-section elementor-top-section elementor-element elementor-element-f6d1181 elementor-hidden-phone elementor-section-boxed elementor-section-height-default elementor-section-height-default exad-glass-effect-no exad-sticky-section-no elementor-invisible\" data-id=\"f6d1181\" data-element_type=\"section\" data-e-type=\"section\" data-settings=\"{&quot;animation&quot;:&quot;fadeIn&quot;}\">\n\t\t\t\t\t\t<div class=\"elementor-container elementor-column-gap-default\">\n\t\t\t\t\t<div class=\"elementor-column elementor-col-100 elementor-top-column elementor-element elementor-element-ba47b04 exad-glass-effect-no exad-sticky-section-no\" data-id=\"ba47b04\" data-element_type=\"column\" data-e-type=\"column\">\n\t\t\t<div class=\"elementor-widget-wrap elementor-element-populated\">\n\t\t\t\t\t\t<div class=\"elementor-element elementor-element-d13b3d3 exad-sticky-section-no exad-glass-effect-no elementor-widget elementor-widget-text-editor\" data-id=\"d13b3d3\" data-element_type=\"widget\" data-e-type=\"widget\" data-widget_type=\"text-editor.default\">\n\t\t\t\t<div class=\"elementor-widget-container\">\n\t\t\t\t\t\t\t\t\t<p><span style=\"caret-color: #000000; color: #000000; font-family: 'Open Sans', sans-serif; font-size: 21px; font-style: normal; font-variant-caps: normal;\"><img fetchpriority=\"high\" decoding=\"async\" class=\"alignright wp-image-848 size-medium\" src=\"https:\/\/smartphonexpress.de\/wp-content\/uploads\/2018\/11\/smartphone-schulung-traunreut-daumen-238x300.jpg\" alt=\"\" width=\"238\" height=\"300\" srcset=\"https:\/\/smartphonexpress.de\/wp-content\/uploads\/2018\/11\/smartphone-schulung-traunreut-daumen-238x300.jpg 238w, https:\/\/smartphonexpress.de\/wp-content\/uploads\/2018\/11\/smartphone-schulung-traunreut-daumen-scaled-600x758.jpg 600w, https:\/\/smartphonexpress.de\/wp-content\/uploads\/2018\/11\/smartphone-schulung-traunreut-daumen-768x970.jpg 768w, https:\/\/smartphonexpress.de\/wp-content\/uploads\/2018\/11\/smartphone-schulung-traunreut-daumen-811x1024.jpg 811w, https:\/\/smartphonexpress.de\/wp-content\/uploads\/2018\/11\/smartphone-schulung-traunreut-daumen-scaled.jpg 2027w\" sizes=\"(max-width: 238px) 100vw, 238px\" \/>Sie m\u00f6chten eine individuelle Schulung?<\/span><\/p><p><span style=\"caret-color: #000000; color: #000000; font-family: 'Open Sans', sans-serif; font-size: 21px; font-style: normal; font-variant-caps: normal;\">Wir nehmen uns die Zeit f\u00fcr Sie!<\/span><\/p><p><span style=\"caret-color: #000000; color: #000000; font-family: 'Open Sans', sans-serif; font-size: 21px; font-style: normal; font-variant-caps: normal;\">Einzelschulungen sind genau das Richtige, wenn Sie gezielte Themen oder Fertigkeiten an Ihrem Handy erlernen m\u00f6chten. Wir passen uns Ihrem Tempo und Ihren individuellen Bed\u00fcrfnissen an und bringen Sie an das gew\u00fcnschte Ziel.<\/span><\/p><p><span style=\"color: #000000; font-family: Open Sans, sans-serif;\"><span style=\"caret-color: #000000; font-size: 21px;\">Den Zeitpunkt und Ort Ihrer Schulung stimmen Sie unkompliziert und flexibel mit uns ab. <\/span><\/span><span style=\"caret-color: #000000; font-size: 21px; color: #000000;\">Dabei haben Sie die Wahl zwischen unseren Schulungsr\u00e4umen oder Ihrem Zuhause.\u00a0<\/span><\/p><p><span style=\"caret-color: #000000; color: #000000; font-size: 21px;\">Bei Schulungen in Ihren eigenen vier W\u00e4nden, wird je nach Entfernung eine Anfahrtspauschale berechnet.\u00a0<\/span><\/p>\t\t\t\t\t\t\t\t<\/div>\n\t\t\t\t<\/div>\n\t\t\t\t\t<\/div>\n\t\t<\/div>\n\t\t\t\t\t<\/div>\n\t\t<\/section>\n\t\t\t\t<section class=\"elementor-section elementor-top-section elementor-element elementor-element-ad5e47e elementor-hidden-desktop elementor-hidden-tablet elementor-section-boxed elementor-section-height-default elementor-section-height-default exad-glass-effect-no exad-sticky-section-no\" data-id=\"ad5e47e\" data-element_type=\"section\" data-e-type=\"section\">\n\t\t\t\t\t\t<div class=\"elementor-container elementor-column-gap-default\">\n\t\t\t\t\t<div class=\"elementor-column elementor-col-100 elementor-top-column elementor-element elementor-element-3597564 exad-glass-effect-no exad-sticky-section-no\" data-id=\"3597564\" data-element_type=\"column\" data-e-type=\"column\">\n\t\t\t<div class=\"elementor-widget-wrap\">\n\t\t\t\t\t\t\t<\/div>\n\t\t<\/div>\n\t\t\t\t\t<\/div>\n\t\t<\/section>\n\t\t\t\t<section class=\"elementor-section elementor-top-section elementor-element elementor-element-67b3732 elementor-section-full_width elementor-section-height-default elementor-section-height-default exad-glass-effect-no exad-sticky-section-no elementor-invisible\" data-id=\"67b3732\" data-element_type=\"section\" data-e-type=\"section\" data-settings=\"{&quot;animation&quot;:&quot;fadeIn&quot;,&quot;background_background&quot;:&quot;classic&quot;}\">\n\t\t\t\t\t\t<div class=\"elementor-container elementor-column-gap-default\">\n\t\t\t\t\t<div class=\"elementor-column elementor-col-100 elementor-top-column elementor-element elementor-element-cd4877b exad-glass-effect-no exad-sticky-section-no\" data-id=\"cd4877b\" data-element_type=\"column\" data-e-type=\"column\">\n\t\t\t<div class=\"elementor-widget-wrap elementor-element-populated\">\n\t\t\t\t\t\t<div class=\"elementor-element elementor-element-7f6b087 exad-sticky-section-no exad-glass-effect-no elementor-widget elementor-widget-text-editor\" data-id=\"7f6b087\" data-element_type=\"widget\" data-e-type=\"widget\" data-widget_type=\"text-editor.default\">\n\t\t\t\t<div class=\"elementor-widget-container\">\n\t\t\t\t\t\t\t\t\t<div class=\"elementor-element elementor-element-607d36b elementor-widget elementor-widget-heading\" style=\"font-variant-caps: normal; font-family: 'Open Sans', sans-serif; font-size: 14px; font-style: normal; caret-color: #000000; color: #000000;\" data-id=\"607d36b\" data-element_type=\"heading.default\"><div class=\"elementor-widget-container\" style=\"font-size: 14px;\"><h1 class=\"elementor-heading-title elementor-size-default\" style=\"font-family: inherit; color: #6b6b6b;\"><span style=\"font-variant-caps: normal; font-family: Roboto, sans-serif; font-size: 25px; font-style: normal; font-weight: 600; caret-color: #2d90ce; color: #2d90ce; text-align: center;\">Wir machen Sie fit mit der neuen Technik!<\/span><\/h1><\/div><\/div><div class=\"elementor-element elementor-element-d35b297 elementor-widget elementor-widget-text-editor\" style=\"margin-bottom: 20px; font-variant-caps: normal; font-family: 'Open Sans', sans-serif; font-size: 14px; font-style: normal; caret-color: #000000; color: #000000;\" data-id=\"d35b297\" data-element_type=\"text-editor.default\"><div class=\"elementor-widget-container\" style=\"font-size: 14px;\"><div class=\"elementor-text-editor elementor-clearfix\" style=\"font-size: 14px;\"><p style=\"font-size: 14px;\"><span style=\"font-size: 21px;\">Wir zeigen Ihnen wie Sie die Vorteile Ihres neuen Smartphones oder Tablets f\u00fcr Ihre Anspr\u00fcche optimal nutzen k\u00f6nnen. In einer stressfreien und angenehmen Atmosph\u00e4re bekommen Sie direkt vom Fachmann Tipps und Tricks f\u00fcr den einfachen Umgang mit Ihrem Ger\u00e4t.<\/span><\/p><\/div><\/div><\/div>\t\t\t\t\t\t\t\t<\/div>\n\t\t\t\t<\/div>\n\t\t\t\t\t<\/div>\n\t\t<\/div>\n\t\t\t\t\t<\/div>\n\t\t<\/section>\n\t\t\t\t<section class=\"elementor-section elementor-top-section elementor-element elementor-element-ae80e01 elementor-section-boxed elementor-section-height-default elementor-section-height-default exad-glass-effect-no exad-sticky-section-no\" data-id=\"ae80e01\" data-element_type=\"section\" data-e-type=\"section\" data-settings=\"{&quot;background_background&quot;:&quot;classic&quot;}\">\n\t\t\t\t\t\t<div class=\"elementor-container elementor-column-gap-default\">\n\t\t\t\t\t<div class=\"elementor-column elementor-col-50 elementor-top-column elementor-element elementor-element-73b22d3 exad-glass-effect-no exad-sticky-section-no\" data-id=\"73b22d3\" data-element_type=\"column\" data-e-type=\"column\">\n\t\t\t<div class=\"elementor-widget-wrap elementor-element-populated\">\n\t\t\t\t\t\t<div class=\"elementor-element elementor-element-52abeb4 exad-sticky-section-no exad-glass-effect-no elementor-invisible elementor-widget elementor-widget-heading\" data-id=\"52abeb4\" data-element_type=\"widget\" data-e-type=\"widget\" data-settings=\"{&quot;_animation&quot;:&quot;fadeIn&quot;}\" data-widget_type=\"heading.default\">\n\t\t\t\t<div class=\"elementor-widget-container\">\n\t\t\t\t\t<h2 class=\"elementor-heading-title elementor-size-default\"><span style=\", sans-serif;font-size: 22px;font-style: normal;white-space: normal\">Stellen Sie jetzt eine unverbindliche Anfrage zu Ihrer pers\u00f6nlichen Einzelschulung<\/span><\/h2>\t\t\t\t<\/div>\n\t\t\t\t<\/div>\n\t\t\t\t\t<\/div>\n\t\t<\/div>\n\t\t\t\t<div class=\"elementor-column elementor-col-50 elementor-top-column elementor-element elementor-element-ede6f68 exad-glass-effect-no exad-sticky-section-no\" data-id=\"ede6f68\" data-element_type=\"column\" data-e-type=\"column\">\n\t\t\t<div class=\"elementor-widget-wrap elementor-element-populated\">\n\t\t\t\t\t\t<div class=\"elementor-element elementor-element-7f52cc5 elementor-button-success elementor-align-center exad-sticky-section-no exad-glass-effect-no elementor-invisible elementor-widget elementor-widget-button\" data-id=\"7f52cc5\" data-element_type=\"widget\" data-e-type=\"widget\" data-settings=\"{&quot;_animation&quot;:&quot;fadeIn&quot;}\" data-widget_type=\"button.default\">\n\t\t\t\t<div class=\"elementor-widget-container\">\n\t\t\t\t\t\t\t\t\t<div class=\"elementor-button-wrapper\">\n\t\t\t\t\t<a class=\"elementor-button elementor-button-link elementor-size-lg\" href=\"https:\/\/smartphonexpress.de\/index.php\/smartphone-schulung-traunreut\/anfrage-stellen\/\">\n\t\t\t\t\t\t<span class=\"elementor-button-content-wrapper\">\n\t\t\t\t\t\t\t\t\t<span class=\"elementor-button-text\">Anfrage Stellen<\/span>\n\t\t\t\t\t<\/span>\n\t\t\t\t\t<\/a>\n\t\t\t\t<\/div>\n\t\t\t\t\t\t\t\t<\/div>\n\t\t\t\t<\/div>\n\t\t\t\t\t<\/div>\n\t\t<\/div>\n\t\t\t\t\t<\/div>\n\t\t<\/section>\n\t\t\t\t<\/div>\n\t\t","protected":false},"excerpt":{"rendered":"<p>Einzelschulung Sie m\u00f6chten eine individuelle Schulung? Wir nehmen uns die Zeit f\u00fcr Sie! Einzelschulungen sind genau das Richtige, wenn Sie gezielte Themen oder Fertigkeiten an Ihrem Handy erlernen m\u00f6chten. Wir passen uns Ihrem Tempo und Ihren individuellen Bed\u00fcrfnissen an und bringen Sie an das gew\u00fcnschte Ziel. Den Zeitpunkt und Ort Ihrer Schulung stimmen Sie unkompliziert [&hellip;]<\/p>\n","protected":false},"author":1,"featured_media":495,"parent":420,"menu_order":0,"comment_status":"closed","ping_status":"closed","template":"","meta":{"_monsterinsights_skip_tracking":false,"_monsterinsights_sitenote_active":false,"_monsterinsights_sitenote_note":"","_monsterinsights_sitenote_category":0,"ocean_post_layout":"","ocean_both_sidebars_style":"","ocean_both_sidebars_content_width":0,"ocean_both_sidebars_sidebars_width":0,"ocean_sidebar":"0","ocean_second_sidebar":"0","ocean_disable_margins":"enable","ocean_add_body_class":"","ocean_shortcode_before_top_bar":"","ocean_shortcode_after_top_bar":"","ocean_shortcode_before_header":"","ocean_shortcode_after_header":"","ocean_has_shortcode":"","ocean_shortcode_after_title":"","ocean_shortcode_before_footer_widgets":"","ocean_shortcode_after_footer_widgets":"","ocean_shortcode_before_footer_bottom":"","ocean_shortcode_after_footer_bottom":"","ocean_display_top_bar":"default","ocean_display_header":"default","ocean_header_style":"","ocean_center_header_left_menu":"0","ocean_custom_header_template":"0","ocean_custom_logo":0,"ocean_custom_retina_logo":0,"ocean_custom_logo_max_width":0,"ocean_custom_logo_tablet_max_width":0,"ocean_custom_logo_mobile_max_width":0,"ocean_custom_logo_max_height":0,"ocean_custom_logo_tablet_max_height":0,"ocean_custom_logo_mobile_max_height":0,"ocean_header_custom_menu":"0","ocean_menu_typo_font_family":"0","ocean_menu_typo_font_subset":"","ocean_menu_typo_font_size":0,"ocean_menu_typo_font_size_tablet":0,"ocean_menu_typo_font_size_mobile":0,"ocean_menu_typo_font_size_unit":"px","ocean_menu_typo_font_weight":"","ocean_menu_typo_font_weight_tablet":"","ocean_menu_typo_font_weight_mobile":"","ocean_menu_typo_transform":"","ocean_menu_typo_transform_tablet":"","ocean_menu_typo_transform_mobile":"","ocean_menu_typo_line_height":0,"ocean_menu_typo_line_height_tablet":0,"ocean_menu_typo_line_height_mobile":0,"ocean_menu_typo_line_height_unit":"","ocean_menu_typo_spacing":0,"ocean_menu_typo_spacing_tablet":0,"ocean_menu_typo_spacing_mobile":0,"ocean_menu_typo_spacing_unit":"","ocean_menu_link_color":"","ocean_menu_link_color_hover":"","ocean_menu_link_color_active":"","ocean_menu_link_background":"","ocean_menu_link_hover_background":"","ocean_menu_link_active_background":"","ocean_menu_social_links_bg":"","ocean_menu_social_hover_links_bg":"","ocean_menu_social_links_color":"","ocean_menu_social_hover_links_color":"","ocean_disable_title":"default","ocean_disable_heading":"default","ocean_post_title":"","ocean_post_subheading":"","ocean_post_title_style":"","ocean_post_title_background_color":"","ocean_post_title_background":0,"ocean_post_title_bg_image_position":"","ocean_post_title_bg_image_attachment":"","ocean_post_title_bg_image_repeat":"","ocean_post_title_bg_image_size":"","ocean_post_title_height":0,"ocean_post_title_bg_overlay":0.5,"ocean_post_title_bg_overlay_color":"","ocean_disable_breadcrumbs":"default","ocean_breadcrumbs_color":"","ocean_breadcrumbs_separator_color":"","ocean_breadcrumbs_links_color":"","ocean_breadcrumbs_links_hover_color":"","ocean_display_footer_widgets":"default","ocean_display_footer_bottom":"default","ocean_custom_footer_template":"0","footnotes":""},"class_list":["post-418","page","type-page","status-publish","has-post-thumbnail","hentry","entry","has-media"],"_links":{"self":[{"href":"https:\/\/smartphonexpress.de\/index.php\/wp-json\/wp\/v2\/pages\/418","targetHints":{"allow":["GET"]}}],"collection":[{"href":"https:\/\/smartphonexpress.de\/index.php\/wp-json\/wp\/v2\/pages"}],"about":[{"href":"https:\/\/smartphonexpress.de\/index.php\/wp-json\/wp\/v2\/types\/page"}],"author":[{"embeddable":true,"href":"https:\/\/smartphonexpress.de\/index.php\/wp-json\/wp\/v2\/users\/1"}],"replies":[{"embeddable":true,"href":"https:\/\/smartphonexpress.de\/index.php\/wp-json\/wp\/v2\/comments?post=418"}],"version-history":[{"count":29,"href":"https:\/\/smartphonexpress.de\/index.php\/wp-json\/wp\/v2\/pages\/418\/revisions"}],"predecessor-version":[{"id":1726,"href":"https:\/\/smartphonexpress.de\/index.php\/wp-json\/wp\/v2\/pages\/418\/revisions\/1726"}],"up":[{"embeddable":true,"href":"https:\/\/smartphonexpress.de\/index.php\/wp-json\/wp\/v2\/pages\/420"}],"wp:featuredmedia":[{"embeddable":true,"href":"https:\/\/smartphonexpress.de\/index.php\/wp-json\/wp\/v2\/media\/495"}],"wp:attachment":[{"href":"https:\/\/smartphonexpress.de\/index.php\/wp-json\/wp\/v2\/media?parent=418"}],"curies":[{"name":"wp","href":"https:\/\/api.w.org\/{rel}","templated":true}]}}